{"id":11,"date":"2024-10-25T09:07:22","date_gmt":"2024-10-25T07:07:22","guid":{"rendered":"https:\/\/sea-transports.com\/?page_id=11"},"modified":"2024-11-08T10:02:53","modified_gmt":"2024-11-08T09:02:53","slug":"a-propos","status":"publish","type":"page","link":"https:\/\/sea-transports.com\/index.php\/a-propos\/","title":{"rendered":"A propos"},"content":{"rendered":"\n<div class=\"wp-block-cover alignfull is-light\" style=\"margin-top:0;margin-bottom:0;min-height:640px;aspect-ratio:unset;\"><span aria-hidden=\"true\" class=\"wp-block-cover__background has-background-dim-20 has-background-dim\" style=\"background-color:#8b8a86\"><\/span><img fetchpriority=\"high\" decoding=\"async\" width=\"1920\" height=\"1279\" class=\"wp-block-cover__image-background wp-image-116\" alt=\"\" src=\"https:\/\/sea-transports.com\/wp-content\/uploads\/2024\/10\/marcin-jozwiak-oh0DITWoHi4-unsplash-1.jpg\" style=\"object-position:54% 31%\" data-object-fit=\"cover\" data-object-position=\"54% 31%\" srcset=\"https:\/\/sea-transports.com\/wp-content\/uploads\/2024\/10\/marcin-jozwiak-oh0DITWoHi4-unsplash-1.jpg 1920w, https:\/\/sea-transports.com\/wp-content\/uploads\/2024\/10\/marcin-jozwiak-oh0DITWoHi4-unsplash-1-300x200.jpg 300w, https:\/\/sea-transports.com\/wp-content\/uploads\/2024\/10\/marcin-jozwiak-oh0DITWoHi4-unsplash-1-1024x682.jpg 1024w, https:\/\/sea-transports.com\/wp-content\/uploads\/2024\/10\/marcin-jozwiak-oh0DITWoHi4-unsplash-1-768x512.jpg 768w, https:\/\/sea-transports.com\/wp-content\/uploads\/2024\/10\/marcin-jozwiak-oh0DITWoHi4-unsplash-1-1536x1023.jpg 1536w\" sizes=\"(max-width: 1920px) 100vw, 1920px\" \/><div class=\"wp-block-cover__inner-container is-layout-flow wp-block-cover-is-layout-flow\">\n<p><\/p>\n<\/div><\/div>\n\n\n\n<h2 class=\"wp-block-heading has-text-align-center has-text-color\" style=\"color:#0c4ab2;font-size:clamp(29.768px, 1.861rem + ((1vw - 3.2px) * 2.526), 52px);font-style:normal;font-weight:600\">Notre Mission<\/h2>\n\n\n\n<div class=\"wp-block-group alignfull has-global-padding is-layout-constrained wp-container-core-group-is-layout-e6d9c8da wp-block-group-is-layout-constrained\" style=\"margin-top:0;margin-bottom:0;padding-top:100px;padding-right:0;padding-bottom:100px;padding-left:0\">\n<p class=\"has-text-align-center has-text-color\" style=\"color:#28467f;font-size:clamp(14px, 0.875rem + ((1vw - 3.2px) * 0.227), 16px);\">Chez SEA Transports, notre mission est de faciliter le transport de marchandises en r\u00e9pondant aux exigences les plus \u00e9lev\u00e9es de nos clients. <\/p>\n\n\n\n<p class=\"has-text-align-center has-text-color\" style=\"color:#28467f;font-size:clamp(14px, 0.875rem + ((1vw - 3.2px) * 0.227), 16px);\">Nous mettons un point d\u2019honneur \u00e0 assurer des livraisons ponctuelles, s\u00e9curis\u00e9es et tra\u00e7ables, tout en respectant l\u2019environnement gr\u00e2ce \u00e0 une flotte conforme aux normes Euro6.<\/p>\n\n\n\n<p class=\"has-text-align-center has-text-color\" style=\"color:#28467f;font-size:clamp(14px, 0.875rem + ((1vw - 3.2px) * 0.227), 16px);\"> SEA Transports s\u2019efforce d\u2019\u00eatre un acteur de confiance et d\u2019apporter des solutions sur mesure pour chaque projet.<\/p>\n\n\n\n<div class=\"wp-block-group alignfull has-global-padding is-layout-constrained wp-container-core-group-is-layout-3d678ac5 wp-block-group-is-layout-constrained\" style=\"margin-top:0;margin-bottom:0;padding-top:120px;padding-bottom:120px\">\n<div class=\"wp-block-columns alignfull is-layout-flex wp-container-core-columns-is-layout-188233a6 wp-block-columns-is-layout-flex\" style=\"margin-top:0;margin-bottom:0;padding-top:0;padding-bottom:0\">\n<div class=\"wp-block-column is-layout-flow wp-container-core-column-is-layout-b108c007 wp-block-column-is-layout-flow\" style=\"padding-right:0;padding-left:0\">\n<div class=\"wp-block-cover\" style=\"min-height:540px;aspect-ratio:unset;\"><span aria-hidden=\"true\" class=\"wp-block-cover__background has-background-dim-40 has-background-dim\" style=\"background-color:#021d4c\"><\/span><img decoding=\"async\" width=\"600\" height=\"600\" class=\"wp-block-cover__image-background wp-image-138\" alt=\"\" src=\"https:\/\/sea-transports.com\/wp-content\/uploads\/2024\/10\/VEHICULE.png\" style=\"object-position:52% 9%\" data-object-fit=\"cover\" data-object-position=\"52% 9%\" srcset=\"https:\/\/sea-transports.com\/wp-content\/uploads\/2024\/10\/VEHICULE.png 600w, https:\/\/sea-transports.com\/wp-content\/uploads\/2024\/10\/VEHICULE-300x300.png 300w, https:\/\/sea-transports.com\/wp-content\/uploads\/2024\/10\/VEHICULE-150x150.png 150w\" sizes=\"(max-width: 600px) 100vw, 600px\" \/><div class=\"wp-block-cover__inner-container is-layout-flow wp-container-core-cover-is-layout-a77db08e wp-block-cover-is-layout-flow\">\n<h2 class=\"wp-block-heading has-text-align-center has-text-color\" style=\"color:#ffffff;font-size:clamp(29.768px, 1.861rem + ((1vw - 3.2px) * 2.526), 52px);font-style:normal;font-weight:600\">+100<\/h2>\n\n\n\n<div style=\"height:30px\" aria-hidden=\"true\" class=\"wp-block-spacer\"><\/div>\n\n\n\n<h4 class=\"wp-block-heading has-text-align-center has-text-color\" style=\"color:#ffffff;font-size:clamp(20px, 1.25rem + ((1vw - 3.2px) * 1.364), 32px);font-style:normal;font-weight:600\">V\u00e9hicules Modernes<\/h4>\n<\/div><\/div>\n<\/div>\n\n\n\n<div class=\"wp-block-column is-layout-flow wp-container-core-column-is-layout-b108c007 wp-block-column-is-layout-flow\" style=\"padding-right:0;padding-left:0\">\n<div class=\"wp-block-cover\" style=\"min-height:540px;aspect-ratio:unset;\"><span aria-hidden=\"true\" class=\"wp-block-cover__background has-background-dim-40 has-background-dim\" style=\"background-color:#021d4c\"><\/span><img decoding=\"async\" width=\"1280\" height=\"853\" class=\"wp-block-cover__image-background wp-image-140\" alt=\"\" src=\"https:\/\/sea-transports.com\/wp-content\/uploads\/2024\/10\/china-8859961_1280.jpg\" data-object-fit=\"cover\" srcset=\"https:\/\/sea-transports.com\/wp-content\/uploads\/2024\/10\/china-8859961_1280.jpg 1280w, https:\/\/sea-transports.com\/wp-content\/uploads\/2024\/10\/china-8859961_1280-300x200.jpg 300w, https:\/\/sea-transports.com\/wp-content\/uploads\/2024\/10\/china-8859961_1280-1024x682.jpg 1024w, https:\/\/sea-transports.com\/wp-content\/uploads\/2024\/10\/china-8859961_1280-768x512.jpg 768w\" sizes=\"(max-width: 1280px) 100vw, 1280px\" \/><div class=\"wp-block-cover__inner-container is-layout-flow wp-container-core-cover-is-layout-a77db08e wp-block-cover-is-layout-flow\">\n<h2 class=\"wp-block-heading has-text-align-center has-text-color\" style=\"color:#ffffff;font-size:clamp(29.768px, 1.861rem + ((1vw - 3.2px) * 2.526), 52px);font-style:normal;font-weight:600\">+15<\/h2>\n\n\n\n<div style=\"height:30px\" aria-hidden=\"true\" class=\"wp-block-spacer\"><\/div>\n\n\n\n<h4 class=\"wp-block-heading has-text-align-center has-text-color\" style=\"color:#ffffff;font-size:clamp(20px, 1.25rem + ((1vw - 3.2px) * 1.364), 32px);font-style:normal;font-weight:600\">Pays Desservis<\/h4>\n<\/div><\/div>\n<\/div>\n\n\n\n<div class=\"wp-block-column is-layout-flow wp-container-core-column-is-layout-b108c007 wp-block-column-is-layout-flow\" style=\"padding-right:0;padding-left:0\">\n<div class=\"wp-block-cover\" style=\"min-height:540px;aspect-ratio:unset;\"><span aria-hidden=\"true\" class=\"wp-block-cover__background has-background-dim-40 has-background-dim\" style=\"background-color:#021d4c\"><\/span><img loading=\"lazy\" decoding=\"async\" width=\"1280\" height=\"855\" class=\"wp-block-cover__image-background wp-image-141\" alt=\"\" src=\"https:\/\/sea-transports.com\/wp-content\/uploads\/2024\/10\/pexels-pixabay-209251.jpg\" data-object-fit=\"cover\" srcset=\"https:\/\/sea-transports.com\/wp-content\/uploads\/2024\/10\/pexels-pixabay-209251.jpg 1280w, https:\/\/sea-transports.com\/wp-content\/uploads\/2024\/10\/pexels-pixabay-209251-300x200.jpg 300w, https:\/\/sea-transports.com\/wp-content\/uploads\/2024\/10\/pexels-pixabay-209251-1024x684.jpg 1024w, https:\/\/sea-transports.com\/wp-content\/uploads\/2024\/10\/pexels-pixabay-209251-768x513.jpg 768w\" sizes=\"(max-width: 1280px) 100vw, 1280px\" \/><div class=\"wp-block-cover__inner-container is-layout-flow wp-container-core-cover-is-layout-a77db08e wp-block-cover-is-layout-flow\">\n<h2 class=\"wp-block-heading has-text-align-center has-text-color\" style=\"color:#ffffff;font-size:clamp(29.768px, 1.861rem + ((1vw - 3.2px) * 2.526), 52px);font-style:normal;font-weight:600\">100%<\/h2>\n\n\n\n<p><\/p>\n\n\n\n<h4 class=\"wp-block-heading has-text-align-center has-text-color\" style=\"color:#ffffff;font-size:clamp(20px, 1.25rem + ((1vw - 3.2px) * 1.364), 32px);font-style:normal;font-weight:600\">Satisfaction Client<\/h4>\n<\/div><\/div>\n<\/div>\n<\/div>\n\n\n\n<h2 class=\"wp-block-heading has-text-align-center has-text-color\" style=\"color:#0c4ab2;font-size:clamp(29.768px, 1.861rem + ((1vw - 3.2px) * 2.526), 52px);font-style:normal;font-weight:600\"> Nos Valeurs<\/h2>\n\n\n\n<div style=\"height:80px\" aria-hidden=\"true\" class=\"wp-block-spacer\"><\/div>\n\n\n\n<div class=\"wp-block-columns is-layout-flex wp-container-core-columns-is-layout-17070c2b wp-block-columns-is-layout-flex\">\n<div class=\"wp-block-column is-layout-flow wp-container-core-column-is-layout-3ca914a4 wp-block-column-is-layout-flow\">\n<figure class=\"wp-block-image aligncenter size-full is-resized\"><img loading=\"lazy\" decoding=\"async\" width=\"150\" height=\"137\" src=\"https:\/\/sea-transports.com\/wp-content\/uploads\/2024\/10\/FIABILITe.png\" alt=\"\" class=\"wp-image-120\" style=\"width:100px\"\/><\/figure>\n\n\n\n<h6 class=\"wp-block-heading has-text-align-center has-text-color\" style=\"color:#0c4ab2;font-size:clamp(15.747px, 0.984rem + ((1vw - 3.2px) * 0.938), 24px);font-style:normal;font-weight:600;text-transform:none\">Fiabilit\u00e9<\/h6>\n\n\n\n<p class=\"has-text-align-center has-text-color\" style=\"color:#28467f;font-size:14px;line-height:1.8\">Nous croyons en l\u2019importance d\u2019un service fiable. SEA Transports s\u2019engage \u00e0 respecter chaque d\u00e9lai et \u00e0 assurer une s\u00e9curit\u00e9 optimale pour chaque envoi.<\/p>\n<\/div>\n\n\n\n<div class=\"wp-block-column is-layout-flow wp-container-core-column-is-layout-3ca914a4 wp-block-column-is-layout-flow\">\n<figure class=\"wp-block-image aligncenter size-full is-resized\"><img loading=\"lazy\" decoding=\"async\" width=\"150\" height=\"140\" src=\"https:\/\/sea-transports.com\/wp-content\/uploads\/2024\/10\/INNOVATION.png\" alt=\"\" class=\"wp-image-119\" style=\"width:100px\"\/><\/figure>\n\n\n\n<h6 class=\"wp-block-heading has-text-align-center has-text-color\" style=\"color:#0c4ab2;font-size:clamp(15.747px, 0.984rem + ((1vw - 3.2px) * 0.938), 24px);font-style:normal;font-weight:600;text-transform:none\">Innovation<\/h6>\n\n\n\n<p class=\"has-text-align-center has-text-color\" style=\"color:#28467f;font-size:14px;line-height:1.8\">Pour r\u00e9pondre aux besoins changeants de nos clients, nous investissons dans les meilleures technologies de gestion et de suivi logistique, garantissant une transparence totale \u00e0 chaque \u00e9tape.<\/p>\n<\/div>\n\n\n\n<div class=\"wp-block-column is-layout-flow wp-container-core-column-is-layout-3ca914a4 wp-block-column-is-layout-flow\">\n<figure class=\"wp-block-image aligncenter size-full is-resized\"><img loading=\"lazy\" decoding=\"async\" width=\"150\" height=\"150\" src=\"https:\/\/sea-transports.com\/wp-content\/uploads\/2024\/10\/ecologique.png\" alt=\"\" class=\"wp-image-118\" style=\"width:100px\"\/><\/figure>\n\n\n\n<h6 class=\"wp-block-heading has-text-align-center has-text-color\" style=\"color:#0c4ab2;font-size:clamp(15.747px, 0.984rem + ((1vw - 3.2px) * 0.938), 24px);font-style:normal;font-weight:600;text-transform:none\">Engagement \u00c9cologique<\/h6>\n\n\n\n<p class=\"has-text-align-center has-text-color\" style=\"color:#28467f;font-size:14px;line-height:1.8\">SEA Transports mise sur un transport durable. Notre flotte Euro 6 minimise l\u2019impact \u00e9cologique, soutenant ainsi nos efforts pour r\u00e9duire les \u00e9missions de CO2.<\/p>\n<\/div>\n<\/div>\n<\/div>\n<\/div>\n\n\n\n<div class=\"wp-block-group alignfull has-background has-global-padding is-layout-constrained wp-container-core-group-is-layout-6a32ee6d wp-block-group-is-layout-constrained\" style=\"background-color:#028cc787;margin-top:0;margin-bottom:0;padding-top:120px;padding-bottom:120px\">\n<h3 class=\"wp-block-heading has-text-align-center has-text-color\" style=\"color:#0c4ab2;font-size:clamp(22.041px, 1.378rem + ((1vw - 3.2px) * 1.586), 36px);font-style:normal;font-weight:600\">Des Solutions de Transport Sur Mesure<\/h3>\n\n\n\n<p class=\"has-text-align-center has-text-color\" style=\"color:#28467f;font-size:14px;line-height:1.8\">D\u00e9couvrez nos services de transport adapt\u00e9s aux besoins de votre entreprise, que ce soit pour des livraisons r\u00e9gionales, nationales ou internationales. Chez SEA Transports, nous vous garantissons un service fiable, rapide et respectueux de l\u2019environnement, gr\u00e2ce \u00e0 une flotte moderne et une \u00e9quipe de professionnels engag\u00e9s.<\/p>\n\n\n\n<div class=\"wp-block-buttons is-content-justification-center is-layout-flex wp-container-core-buttons-is-layout-660f9ef0 wp-block-buttons-is-layout-flex\" style=\"margin-top:40px\">\n<div class=\"wp-block-button has-custom-font-size\" style=\"font-size:clamp(14px, 0.875rem + ((1vw - 3.2px) * 0.455), 18px);font-style:normal;font-weight:200\"><a class=\"wp-block-button__link has-text-color has-background wp-element-button\" href=\"https:\/\/sea-transports.com\/index.php\/services\/\" style=\"border-style:none;border-width:0px;border-radius:0px;color:#ffffff;background-color:#0c4ab2;padding-top:15px;padding-right:25px;padding-bottom:15px;padding-left:25px\">Nos Services<\/a><\/div>\n<\/div>\n<\/div>\n","protected":false},"excerpt":{"rendered":"<p>Notre Mission Chez SEA Transports, notre mission est de faciliter le transport de marchandises en r\u00e9pondant aux exigences les plus \u00e9lev\u00e9es de nos clients. Nous mettons un point d\u2019honneur \u00e0 assurer des livraisons ponctuelles, s\u00e9curis\u00e9es et tra\u00e7ables, tout en respectant l\u2019environnement gr\u00e2ce \u00e0 une flotte conforme aux normes Euro6. SEA Transports s\u2019efforce d\u2019\u00eatre un acteur [&hellip;]<\/p>\n","protected":false},"author":1,"featured_media":0,"parent":0,"menu_order":0,"comment_status":"closed","ping_status":"closed","template":"","meta":{"footnotes":""},"class_list":["post-11","page","type-page","status-publish","hentry"],"yoast_head":"<!-- This site is optimized with the Yoast SEO plugin v23.7 - https:\/\/yoast.com\/wordpress\/plugins\/seo\/ -->\n<title>\u00c0 Propos de SEA Transports \u2013 Expert en Logistique<\/title>\n<meta name=\"description\" content=\"D\u00e9couvrez l&#039;histoire de SEA Transports, une entreprise de transport et logistique cr\u00e9\u00e9e en 2020, engag\u00e9e dans des solutions de transport.\" \/>\n<meta name=\"robots\" content=\"index, follow, max-snippet:-1, max-image-preview:large, max-video-preview:-1\" \/>\n<link rel=\"canonical\" href=\"https:\/\/sea-transports.com\/index.php\/a-propos\/\" \/>\n<meta property=\"og:locale\" content=\"fr_FR\" \/>\n<meta property=\"og:type\" content=\"article\" \/>\n<meta property=\"og:title\" content=\"\u00c0 Propos de SEA Transports \u2013 Expert en Logistique\" \/>\n<meta property=\"og:description\" content=\"D\u00e9couvrez l&#039;histoire de SEA Transports, une entreprise de transport et logistique cr\u00e9\u00e9e en 2020, engag\u00e9e dans des solutions de transport.\" \/>\n<meta property=\"og:url\" content=\"https:\/\/sea-transports.com\/index.php\/a-propos\/\" \/>\n<meta property=\"og:site_name\" content=\"SEA Transports\" \/>\n<meta property=\"article:modified_time\" content=\"2024-11-08T09:02:53+00:00\" \/>\n<meta property=\"og:image\" content=\"https:\/\/sea-transports.com\/wp-content\/uploads\/2024\/10\/marcin-jozwiak-oh0DITWoHi4-unsplash-1.jpg\" \/>\n<meta name=\"twitter:card\" content=\"summary_large_image\" \/>\n<meta name=\"twitter:label1\" content=\"Dur\u00e9e de lecture estim\u00e9e\" \/>\n\t<meta name=\"twitter:data1\" content=\"3 minutes\" \/>\n<script type=\"application\/ld+json\" class=\"yoast-schema-graph\">{\"@context\":\"https:\/\/schema.org\",\"@graph\":[{\"@type\":[\"WebPage\",\"AboutPage\"],\"@id\":\"https:\/\/sea-transports.com\/index.php\/a-propos\/\",\"url\":\"https:\/\/sea-transports.com\/index.php\/a-propos\/\",\"name\":\"\u00c0 Propos de SEA Transports \u2013 Expert en Logistique\",\"isPartOf\":{\"@id\":\"https:\/\/sea-transports.com\/#website\"},\"primaryImageOfPage\":{\"@id\":\"https:\/\/sea-transports.com\/index.php\/a-propos\/#primaryimage\"},\"image\":{\"@id\":\"https:\/\/sea-transports.com\/index.php\/a-propos\/#primaryimage\"},\"thumbnailUrl\":\"https:\/\/sea-transports.com\/wp-content\/uploads\/2024\/10\/marcin-jozwiak-oh0DITWoHi4-unsplash-1.jpg\",\"datePublished\":\"2024-10-25T07:07:22+00:00\",\"dateModified\":\"2024-11-08T09:02:53+00:00\",\"description\":\"D\u00e9couvrez l'histoire de SEA Transports, une entreprise de transport et logistique cr\u00e9\u00e9e en 2020, engag\u00e9e dans des solutions de transport.\",\"breadcrumb\":{\"@id\":\"https:\/\/sea-transports.com\/index.php\/a-propos\/#breadcrumb\"},\"inLanguage\":\"fr-FR\",\"potentialAction\":[{\"@type\":\"ReadAction\",\"target\":[\"https:\/\/sea-transports.com\/index.php\/a-propos\/\"]}]},{\"@type\":\"ImageObject\",\"inLanguage\":\"fr-FR\",\"@id\":\"https:\/\/sea-transports.com\/index.php\/a-propos\/#primaryimage\",\"url\":\"https:\/\/sea-transports.com\/wp-content\/uploads\/2024\/10\/marcin-jozwiak-oh0DITWoHi4-unsplash-1.jpg\",\"contentUrl\":\"https:\/\/sea-transports.com\/wp-content\/uploads\/2024\/10\/marcin-jozwiak-oh0DITWoHi4-unsplash-1.jpg\",\"width\":1920,\"height\":1279},{\"@type\":\"BreadcrumbList\",\"@id\":\"https:\/\/sea-transports.com\/index.php\/a-propos\/#breadcrumb\",\"itemListElement\":[{\"@type\":\"ListItem\",\"position\":1,\"name\":\"Accueil\",\"item\":\"https:\/\/sea-transports.com\/\"},{\"@type\":\"ListItem\",\"position\":2,\"name\":\"A propos\"}]},{\"@type\":\"WebSite\",\"@id\":\"https:\/\/sea-transports.com\/#website\",\"url\":\"https:\/\/sea-transports.com\/\",\"name\":\"SEA TRANSPORTS\",\"description\":\"Votre partenaire logistique de confiance.\",\"publisher\":{\"@id\":\"https:\/\/sea-transports.com\/#organization\"},\"potentialAction\":[{\"@type\":\"SearchAction\",\"target\":{\"@type\":\"EntryPoint\",\"urlTemplate\":\"https:\/\/sea-transports.com\/?s={search_term_string}\"},\"query-input\":{\"@type\":\"PropertyValueSpecification\",\"valueRequired\":true,\"valueName\":\"search_term_string\"}}],\"inLanguage\":\"fr-FR\"},{\"@type\":\"Organization\",\"@id\":\"https:\/\/sea-transports.com\/#organization\",\"name\":\"SEA Transports - Solutions Logistiques\",\"url\":\"https:\/\/sea-transports.com\/\",\"logo\":{\"@type\":\"ImageObject\",\"inLanguage\":\"fr-FR\",\"@id\":\"https:\/\/sea-transports.com\/#\/schema\/logo\/image\/\",\"url\":\"https:\/\/sea-transports.com\/wp-content\/uploads\/2024\/10\/sea-transports-logo-q.png\",\"contentUrl\":\"https:\/\/sea-transports.com\/wp-content\/uploads\/2024\/10\/sea-transports-logo-q.png\",\"width\":1080,\"height\":1080,\"caption\":\"SEA Transports - Solutions Logistiques\"},\"image\":{\"@id\":\"https:\/\/sea-transports.com\/#\/schema\/logo\/image\/\"}}]}<\/script>\n<!-- \/ Yoast SEO plugin. -->","yoast_head_json":{"title":"\u00c0 Propos de SEA Transports \u2013 Expert en Logistique","description":"D\u00e9couvrez l'histoire de SEA Transports, une entreprise de transport et logistique cr\u00e9\u00e9e en 2020, engag\u00e9e dans des solutions de transport.","robots":{"index":"index","follow":"follow","max-snippet":"max-snippet:-1","max-image-preview":"max-image-preview:large","max-video-preview":"max-video-preview:-1"},"canonical":"https:\/\/sea-transports.com\/index.php\/a-propos\/","og_locale":"fr_FR","og_type":"article","og_title":"\u00c0 Propos de SEA Transports \u2013 Expert en Logistique","og_description":"D\u00e9couvrez l'histoire de SEA Transports, une entreprise de transport et logistique cr\u00e9\u00e9e en 2020, engag\u00e9e dans des solutions de transport.","og_url":"https:\/\/sea-transports.com\/index.php\/a-propos\/","og_site_name":"SEA Transports","article_modified_time":"2024-11-08T09:02:53+00:00","og_image":[{"url":"https:\/\/sea-transports.com\/wp-content\/uploads\/2024\/10\/marcin-jozwiak-oh0DITWoHi4-unsplash-1.jpg"}],"twitter_card":"summary_large_image","twitter_misc":{"Dur\u00e9e de lecture estim\u00e9e":"3 minutes"},"schema":{"@context":"https:\/\/schema.org","@graph":[{"@type":["WebPage","AboutPage"],"@id":"https:\/\/sea-transports.com\/index.php\/a-propos\/","url":"https:\/\/sea-transports.com\/index.php\/a-propos\/","name":"\u00c0 Propos de SEA Transports \u2013 Expert en Logistique","isPartOf":{"@id":"https:\/\/sea-transports.com\/#website"},"primaryImageOfPage":{"@id":"https:\/\/sea-transports.com\/index.php\/a-propos\/#primaryimage"},"image":{"@id":"https:\/\/sea-transports.com\/index.php\/a-propos\/#primaryimage"},"thumbnailUrl":"https:\/\/sea-transports.com\/wp-content\/uploads\/2024\/10\/marcin-jozwiak-oh0DITWoHi4-unsplash-1.jpg","datePublished":"2024-10-25T07:07:22+00:00","dateModified":"2024-11-08T09:02:53+00:00","description":"D\u00e9couvrez l'histoire de SEA Transports, une entreprise de transport et logistique cr\u00e9\u00e9e en 2020, engag\u00e9e dans des solutions de transport.","breadcrumb":{"@id":"https:\/\/sea-transports.com\/index.php\/a-propos\/#breadcrumb"},"inLanguage":"fr-FR","potentialAction":[{"@type":"ReadAction","target":["https:\/\/sea-transports.com\/index.php\/a-propos\/"]}]},{"@type":"ImageObject","inLanguage":"fr-FR","@id":"https:\/\/sea-transports.com\/index.php\/a-propos\/#primaryimage","url":"https:\/\/sea-transports.com\/wp-content\/uploads\/2024\/10\/marcin-jozwiak-oh0DITWoHi4-unsplash-1.jpg","contentUrl":"https:\/\/sea-transports.com\/wp-content\/uploads\/2024\/10\/marcin-jozwiak-oh0DITWoHi4-unsplash-1.jpg","width":1920,"height":1279},{"@type":"BreadcrumbList","@id":"https:\/\/sea-transports.com\/index.php\/a-propos\/#breadcrumb","itemListElement":[{"@type":"ListItem","position":1,"name":"Accueil","item":"https:\/\/sea-transports.com\/"},{"@type":"ListItem","position":2,"name":"A propos"}]},{"@type":"WebSite","@id":"https:\/\/sea-transports.com\/#website","url":"https:\/\/sea-transports.com\/","name":"SEA TRANSPORTS","description":"Votre partenaire logistique de confiance.","publisher":{"@id":"https:\/\/sea-transports.com\/#organization"},"potentialAction":[{"@type":"SearchAction","target":{"@type":"EntryPoint","urlTemplate":"https:\/\/sea-transports.com\/?s={search_term_string}"},"query-input":{"@type":"PropertyValueSpecification","valueRequired":true,"valueName":"search_term_string"}}],"inLanguage":"fr-FR"},{"@type":"Organization","@id":"https:\/\/sea-transports.com\/#organization","name":"SEA Transports - Solutions Logistiques","url":"https:\/\/sea-transports.com\/","logo":{"@type":"ImageObject","inLanguage":"fr-FR","@id":"https:\/\/sea-transports.com\/#\/schema\/logo\/image\/","url":"https:\/\/sea-transports.com\/wp-content\/uploads\/2024\/10\/sea-transports-logo-q.png","contentUrl":"https:\/\/sea-transports.com\/wp-content\/uploads\/2024\/10\/sea-transports-logo-q.png","width":1080,"height":1080,"caption":"SEA Transports - Solutions Logistiques"},"image":{"@id":"https:\/\/sea-transports.com\/#\/schema\/logo\/image\/"}}]}},"_links":{"self":[{"href":"https:\/\/sea-transports.com\/index.php\/wp-json\/wp\/v2\/pages\/11","targetHints":{"allow":["GET"]}}],"collection":[{"href":"https:\/\/sea-transports.com\/index.php\/wp-json\/wp\/v2\/pages"}],"about":[{"href":"https:\/\/sea-transports.com\/index.php\/wp-json\/wp\/v2\/types\/page"}],"author":[{"embeddable":true,"href":"https:\/\/sea-transports.com\/index.php\/wp-json\/wp\/v2\/users\/1"}],"replies":[{"embeddable":true,"href":"https:\/\/sea-transports.com\/index.php\/wp-json\/wp\/v2\/comments?post=11"}],"version-history":[{"count":31,"href":"https:\/\/sea-transports.com\/index.php\/wp-json\/wp\/v2\/pages\/11\/revisions"}],"predecessor-version":[{"id":255,"href":"https:\/\/sea-transports.com\/index.php\/wp-json\/wp\/v2\/pages\/11\/revisions\/255"}],"wp:attachment":[{"href":"https:\/\/sea-transports.com\/index.php\/wp-json\/wp\/v2\/media?parent=11"}],"curies":[{"name":"wp","href":"https:\/\/api.w.org\/{rel}","templated":true}]}}