{"id":13,"date":"2024-10-25T09:07:48","date_gmt":"2024-10-25T07:07:48","guid":{"rendered":"https:\/\/sea-transports.com\/?page_id=13"},"modified":"2024-11-08T14:57:21","modified_gmt":"2024-11-08T13:57:21","slug":"services","status":"publish","type":"page","link":"https:\/\/sea-transports.com\/index.php\/services\/","title":{"rendered":"Services"},"content":{"rendered":"\n<div class=\"wp-block-cover alignfull\" style=\"padding-top:2%;min-height:30rem;aspect-ratio:unset;\"><span aria-hidden=\"true\" class=\"wp-block-cover__background has-white-background-color has-background-dim-0 has-background-dim\"><\/span><img fetchpriority=\"high\" decoding=\"async\" width=\"1920\" height=\"1280\" class=\"wp-block-cover__image-background wp-image-156\" alt=\"\" src=\"https:\/\/sea-transports.com\/wp-content\/uploads\/2024\/10\/nos-services-de-transport.jpg\" data-object-fit=\"cover\" srcset=\"https:\/\/sea-transports.com\/wp-content\/uploads\/2024\/10\/nos-services-de-transport.jpg 1920w, https:\/\/sea-transports.com\/wp-content\/uploads\/2024\/10\/nos-services-de-transport-300x200.jpg 300w, https:\/\/sea-transports.com\/wp-content\/uploads\/2024\/10\/nos-services-de-transport-1024x683.jpg 1024w, https:\/\/sea-transports.com\/wp-content\/uploads\/2024\/10\/nos-services-de-transport-768x512.jpg 768w, https:\/\/sea-transports.com\/wp-content\/uploads\/2024\/10\/nos-services-de-transport-1536x1024.jpg 1536w\" sizes=\"(max-width: 1920px) 100vw, 1920px\" \/><div class=\"wp-block-cover__inner-container has-global-padding is-layout-constrained wp-container-core-cover-is-layout-ee51f2d2 wp-block-cover-is-layout-constrained\">\n<div class=\"wp-block-group alignwide is-vertical is-content-justification-center is-layout-flex wp-container-core-group-is-layout-5e763914 wp-block-group-is-layout-flex\" style=\"min-height:8rem\">\n<div class=\"wp-block-group has-global-padding is-layout-constrained wp-container-core-group-is-layout-bea02a06 wp-block-group-is-layout-constrained\"><\/div>\n<\/div>\n<\/div><\/div>\n\n\n\n<h2 class=\"wp-block-heading has-text-align-center has-text-color has-link-color wp-elements-a332ac3e0afb1bd6404fd7f1c008d81a\" style=\"color:#0045ad\">Nos services<\/h2>\n\n\n\n<section class=\"wp-block-group alignfull has-text-color has-global-padding is-layout-constrained wp-container-core-group-is-layout-4252d6ba wp-block-group-is-layout-constrained\" style=\"color:#03081e;margin-top:0px;padding-top:6.51rem;padding-right:1rem;padding-bottom:5.5rem;padding-left:1rem;font-size:clamp(0.875rem, 0.875rem + ((1vw - 0.2rem) * 0.464), 1.13rem);font-style:normal;font-weight:400;line-height:1.4\">\n<p><\/p>\n\n\n\n<p><\/p>\n\n\n\n<div class=\"wp-block-columns is-layout-flex wp-container-core-columns-is-layout-db2df21c wp-block-columns-is-layout-flex\" style=\"margin-bottom:0px\">\n<div class=\"wp-block-column has-global-padding is-content-justification-left is-layout-constrained wp-container-core-column-is-layout-12dd3699 wp-block-column-is-layout-constrained\" style=\"flex-basis:50%\">\n<figure class=\"wp-block-image aligncenter size-full is-resized has-custom-border is-style-default\"><img decoding=\"async\" width=\"1920\" height=\"1080\" src=\"https:\/\/sea-transports.com\/wp-content\/uploads\/2024\/10\/Transport-Regional-4.jpg\" alt=\"\" class=\"wp-image-162\" style=\"border-style:none;border-width:0px;border-radius:25px;aspect-ratio:1.3333333333333333;object-fit:cover;width:416px;height:auto\" srcset=\"https:\/\/sea-transports.com\/wp-content\/uploads\/2024\/10\/Transport-Regional-4.jpg 1920w, https:\/\/sea-transports.com\/wp-content\/uploads\/2024\/10\/Transport-Regional-4-300x169.jpg 300w, https:\/\/sea-transports.com\/wp-content\/uploads\/2024\/10\/Transport-Regional-4-1024x576.jpg 1024w, https:\/\/sea-transports.com\/wp-content\/uploads\/2024\/10\/Transport-Regional-4-768x432.jpg 768w, https:\/\/sea-transports.com\/wp-content\/uploads\/2024\/10\/Transport-Regional-4-1536x864.jpg 1536w\" sizes=\"(max-width: 1920px) 100vw, 1920px\" \/><\/figure>\n<\/div>\n\n\n\n<div class=\"wp-block-column is-layout-flow wp-block-column-is-layout-flow\">\n<div class=\"wp-block-group is-vertical is-content-justification-left is-layout-flex wp-container-core-group-is-layout-c5d44cae wp-block-group-is-layout-flex\" style=\"min-height:100%\">\n<div class=\"wp-block-group has-global-padding is-content-justification-center is-layout-constrained wp-container-core-group-is-layout-b15c80d6 wp-block-group-is-layout-constrained\">\n<h3 class=\"wp-block-heading has-text-align-center has-text-color\" style=\"color:#07277c;margin-top:0.5rem;margin-bottom:1.01rem;font-size:clamp(1.044rem, 1.044rem + ((1vw - 0.2rem) * 1.029), 1.61rem);font-style:normal;font-weight:500;letter-spacing:0px;line-height:1.3;text-transform:capitalize\">Transport R\u00e9gional<\/h3>\n\n\n\n<p class=\"has-text-align-center has-text-color\" style=\"color:#03081e;margin-top:0rem;font-size:clamp(0.875rem, 0.875rem + ((1vw - 0.2rem) * 0.245), 1.01rem);font-style:normal;font-weight:400;line-height:1.6\">Notre service de Transport R\u00e9gional assure des transferts rapides et fiables entre sites et entrep\u00f4ts. Gr\u00e2ce \u00e0 nos \u00e9quipes locales, nous planifions des itin\u00e9raires optimis\u00e9s pour r\u00e9duire les d\u00e9lais. Chaque trajet est con\u00e7u pour minimiser l\u02bcempreinte carbone, garantissant ainsi un service efficace et respectueux de l\u2019environnement.<\/p>\n<\/div>\n<\/div>\n<\/div>\n<\/div>\n<\/section>\n\n\n\n<section class=\"wp-block-group alignfull has-text-color has-global-padding is-layout-constrained wp-container-core-group-is-layout-b691706e wp-block-group-is-layout-constrained\" style=\"color:#03081e;margin-top:0px;padding-top:4.01rem;padding-right:1rem;padding-bottom:5.5rem;padding-left:1rem;font-size:clamp(0.875rem, 0.875rem + ((1vw - 0.2rem) * 0.464), 1.13rem);font-style:normal;font-weight:400;line-height:1.4\">\n<div class=\"wp-block-columns is-layout-flex wp-container-core-columns-is-layout-db2df21c wp-block-columns-is-layout-flex\" style=\"margin-bottom:0px\">\n<div class=\"wp-block-column is-layout-flow wp-block-column-is-layout-flow\">\n<div class=\"wp-block-group is-vertical is-content-justification-left is-layout-flex wp-container-core-group-is-layout-c5d44cae wp-block-group-is-layout-flex\" style=\"min-height:100%\">\n<div class=\"wp-block-group has-global-padding is-content-justification-center is-layout-constrained wp-container-core-group-is-layout-b15c80d6 wp-block-group-is-layout-constrained\">\n<h3 class=\"wp-block-heading has-text-align-center has-text-color\" style=\"color:#07277c;margin-top:0.5rem;margin-bottom:1.01rem;font-size:clamp(1.044rem, 1.044rem + ((1vw - 0.2rem) * 1.029), 1.61rem);font-style:normal;font-weight:500;letter-spacing:0px;line-height:1.3;text-transform:capitalize\">Transport National<\/h3>\n\n\n\n<p class=\"has-text-align-center has-text-color\" style=\"color:#03081e;margin-top:0rem;font-size:clamp(0.875rem, 0.875rem + ((1vw - 0.2rem) * 0.245), 1.01rem);font-style:normal;font-weight:400;line-height:1.6\">Avec notre service de Transport National, nous connectons facilement les grandes villes fran\u00e7aises. Nos solutions sont id\u00e9ales pour des livraisons rapides et fiables, m\u00eame pour des envois volumineux ou d\u00e9licats. Nous nous engageons \u00e0 respecter vos d\u00e9lais tout en garantissant la s\u00e9curit\u00e9 et la qualit\u00e9 de vos marchandises \u00e0 chaque \u00e9tape.<\/p>\n<\/div>\n<\/div>\n<\/div>\n\n\n\n<div class=\"wp-block-column has-global-padding is-content-justification-left is-layout-constrained wp-container-core-column-is-layout-12dd3699 wp-block-column-is-layout-constrained\" style=\"flex-basis:50%\">\n<figure class=\"wp-block-image size-large is-resized has-custom-border\"><img decoding=\"async\" width=\"768\" height=\"1024\" src=\"https:\/\/sea-transports.com\/wp-content\/uploads\/2024\/10\/Transport-National-3-768x1024.jpg\" alt=\"\" class=\"wp-image-239\" style=\"border-radius:26px;aspect-ratio:1.3333333333333333;object-fit:cover;width:415px;height:auto\" srcset=\"https:\/\/sea-transports.com\/wp-content\/uploads\/2024\/10\/Transport-National-3-768x1024.jpg 768w, https:\/\/sea-transports.com\/wp-content\/uploads\/2024\/10\/Transport-National-3-225x300.jpg 225w, https:\/\/sea-transports.com\/wp-content\/uploads\/2024\/10\/Transport-National-3-1152x1536.jpg 1152w, https:\/\/sea-transports.com\/wp-content\/uploads\/2024\/10\/Transport-National-3-1536x2048.jpg 1536w, https:\/\/sea-transports.com\/wp-content\/uploads\/2024\/10\/Transport-National-3.jpg 1920w\" sizes=\"(max-width: 768px) 100vw, 768px\" \/><\/figure>\n<\/div>\n<\/div>\n<\/section>\n\n\n\n<section class=\"wp-block-group alignfull has-text-color has-global-padding is-layout-constrained wp-container-core-group-is-layout-b691706e wp-block-group-is-layout-constrained\" style=\"color:#03081e;margin-top:0px;padding-top:4.01rem;padding-right:1rem;padding-bottom:5.5rem;padding-left:1rem;font-size:clamp(0.875rem, 0.875rem + ((1vw - 0.2rem) * 0.464), 1.13rem);font-style:normal;font-weight:400;line-height:1.4\">\n<div class=\"wp-block-columns is-layout-flex wp-container-core-columns-is-layout-db2df21c wp-block-columns-is-layout-flex\" style=\"margin-bottom:0px\">\n<div class=\"wp-block-column has-global-padding is-content-justification-left is-layout-constrained wp-container-core-column-is-layout-12dd3699 wp-block-column-is-layout-constrained\" style=\"flex-basis:50%\">\n<figure class=\"wp-block-image aligncenter size-full is-resized has-custom-border\"><img loading=\"lazy\" decoding=\"async\" width=\"1280\" height=\"1707\" src=\"https:\/\/sea-transports.com\/wp-content\/uploads\/2024\/10\/TRANSPORT-INTERNATIONAL-2.jpg\" alt=\"\" class=\"wp-image-164\" style=\"border-radius:25px;aspect-ratio:1.3333333333333333;object-fit:cover;width:419px;height:auto\" srcset=\"https:\/\/sea-transports.com\/wp-content\/uploads\/2024\/10\/TRANSPORT-INTERNATIONAL-2.jpg 1280w, https:\/\/sea-transports.com\/wp-content\/uploads\/2024\/10\/TRANSPORT-INTERNATIONAL-2-225x300.jpg 225w, https:\/\/sea-transports.com\/wp-content\/uploads\/2024\/10\/TRANSPORT-INTERNATIONAL-2-768x1024.jpg 768w, https:\/\/sea-transports.com\/wp-content\/uploads\/2024\/10\/TRANSPORT-INTERNATIONAL-2-1152x1536.jpg 1152w\" sizes=\"(max-width: 1280px) 100vw, 1280px\" \/><\/figure>\n<\/div>\n\n\n\n<div class=\"wp-block-column is-layout-flow wp-block-column-is-layout-flow\">\n<div class=\"wp-block-group is-vertical is-content-justification-left is-layout-flex wp-container-core-group-is-layout-c5d44cae wp-block-group-is-layout-flex\" style=\"min-height:100%\">\n<div class=\"wp-block-group has-global-padding is-content-justification-center is-layout-constrained wp-container-core-group-is-layout-b15c80d6 wp-block-group-is-layout-constrained\">\n<h3 class=\"wp-block-heading has-text-align-center has-text-color\" style=\"color:#07277c;margin-top:0.5rem;margin-bottom:1.01rem;font-size:clamp(1.044rem, 1.044rem + ((1vw - 0.2rem) * 1.029), 1.61rem);font-style:normal;font-weight:500;letter-spacing:0px;line-height:1.3;text-transform:capitalize\">Transport International<\/h3>\n\n\n\n<p class=\"has-text-align-center has-text-color\" style=\"color:#03081e;margin-top:0rem;font-size:clamp(0.875rem, 0.875rem + ((1vw - 0.2rem) * 0.245), 1.01rem);font-style:normal;font-weight:400;line-height:1.6\">Notre service de Transport International vous offre une couverture \u00e9tendue gr\u00e2ce \u00e0 notre r\u00e9seau de partenaires europ\u00e9ens. Nous g\u00e9rons chaque \u00e9tape, des formalit\u00e9s douani\u00e8res au suivi de vos marchandises. Avec nous, chaque envoi, y compris vers la Turquie, est simple et fluide, assurant un service efficace et sans tracas pour vos besoins globaux.<\/p>\n<\/div>\n<\/div>\n<\/div>\n<\/div>\n<\/section>\n\n\n\n<section class=\"wp-block-cover alignfull\" style=\"margin-top:0px;padding-bottom:13.51rem;min-height:664px;aspect-ratio:unset;\"><span aria-hidden=\"true\" class=\"wp-block-cover__background has-background-dim-0 has-background-dim\" style=\"background-color:#6c7e87\"><\/span><img loading=\"lazy\" decoding=\"async\" width=\"2560\" height=\"1707\" class=\"wp-block-cover__image-background wp-image-166\" alt=\"\" src=\"https:\/\/sea-transports.com\/wp-content\/uploads\/2024\/10\/contactez-nous-sea-transport-scaled.jpg\" style=\"object-position:52% 56%\" data-object-fit=\"cover\" data-object-position=\"52% 56%\" srcset=\"https:\/\/sea-transports.com\/wp-content\/uploads\/2024\/10\/contactez-nous-sea-transport-scaled.jpg 2560w, https:\/\/sea-transports.com\/wp-content\/uploads\/2024\/10\/contactez-nous-sea-transport-300x200.jpg 300w, https:\/\/sea-transports.com\/wp-content\/uploads\/2024\/10\/contactez-nous-sea-transport-1024x683.jpg 1024w, https:\/\/sea-transports.com\/wp-content\/uploads\/2024\/10\/contactez-nous-sea-transport-768x512.jpg 768w, https:\/\/sea-transports.com\/wp-content\/uploads\/2024\/10\/contactez-nous-sea-transport-1536x1024.jpg 1536w, https:\/\/sea-transports.com\/wp-content\/uploads\/2024\/10\/contactez-nous-sea-transport-2048x1365.jpg 2048w\" sizes=\"(max-width: 2560px) 100vw, 2560px\" \/><div class=\"wp-block-cover__inner-container has-global-padding is-layout-constrained wp-container-core-cover-is-layout-14880c13 wp-block-cover-is-layout-constrained\">\n<div class=\"wp-block-group alignfull has-text-color has-global-padding is-layout-constrained wp-container-core-group-is-layout-6f61d7e7 wp-block-group-is-layout-constrained\" style=\"color:#252525;margin-top:0px;padding-top:0rem;padding-right:1rem;padding-bottom:0rem;padding-left:1rem;font-size:clamp(0.875rem, 0.875rem + ((1vw - 0.2rem) * 0.464), 1.13rem);font-style:normal;font-weight:400;line-height:1.4\">\n<div class=\"wp-block-group is-vertical is-content-justification-center is-layout-flex wp-container-core-group-is-layout-b6c1f246 wp-block-group-is-layout-flex\">\n<div class=\"wp-block-group has-global-padding is-layout-constrained wp-container-core-group-is-layout-a099c240 wp-block-group-is-layout-constrained\"><\/div>\n\n\n\n<p><\/p>\n\n\n\n<p class=\"has-text-align-center has-text-color has-background\" style=\"color:#fefefe;background-color:#0000004f;margin-top:0rem;font-size:clamp(1.198rem, 1.198rem + ((1vw - 0.2rem) * 1.276), 1.9rem);font-style:normal;font-weight:400;line-height:1.6\">Pr\u00eats \u00e0 transformer vos livraisons ?<\/p>\n<\/div>\n<\/div>\n\n\n\n<p><\/p>\n\n\n\n<p><\/p>\n\n\n\n<p><\/p>\n\n\n\n<p><\/p>\n\n\n\n<p><\/p>\n\n\n\n<p><\/p>\n\n\n\n<p><\/p>\n\n\n\n<div class=\"wp-block-group alignfull has-text-color has-global-padding is-layout-constrained wp-container-core-group-is-layout-6f61d7e7 wp-block-group-is-layout-constrained\" style=\"color:#252525;margin-top:0px;padding-top:0rem;padding-right:1rem;padding-bottom:0rem;padding-left:1rem;font-size:clamp(0.875rem, 0.875rem + ((1vw - 0.2rem) * 0.464), 1.13rem);font-style:normal;font-weight:400;line-height:1.4\">\n<div class=\"wp-block-group is-vertical is-content-justification-center is-layout-flex wp-container-core-group-is-layout-b6c1f246 wp-block-group-is-layout-flex\">\n<div class=\"wp-block-group has-global-padding is-layout-constrained wp-container-core-group-is-layout-a099c240 wp-block-group-is-layout-constrained\">\n<div class=\"wp-block-group is-vertical is-content-justification-stretch is-layout-flex wp-container-core-group-is-layout-be82aac6 wp-block-group-is-layout-flex\" style=\"margin-top:0rem;padding-right:0px;padding-left:0px\">\n<div class=\"wp-block-group has-global-padding is-content-justification-center is-layout-constrained wp-container-core-group-is-layout-0638dde4 wp-block-group-is-layout-constrained\" style=\"margin-top:0px\">\n<div class=\"wp-block-buttons is-horizontal is-content-justification-right is-layout-flex wp-container-core-buttons-is-layout-1b0e492f wp-block-buttons-is-layout-flex\" style=\"margin-top:2.21rem\">\n<div class=\"wp-block-button has-custom-width wp-block-button__width-100 has-custom-font-size is-style-fill\" style=\"font-size:clamp(0.875rem, 0.875rem + ((1vw - 0.2rem) * 0.609), 1.21rem);font-style:normal;font-weight:400;line-height:1;text-transform:capitalize\"><a class=\"wp-block-button__link has-text-color has-background has-border-color wp-element-button\" href=\"https:\/\/sea-transports.com\/index.php\/contact\/\" style=\"border-color:#041d55;border-style:solid;border-width:1px;border-radius:2.5rem;color:#fefefe;background-color:#0045ad;padding-top:1.1rem;padding-right:0.81rem;padding-bottom:1.1rem;padding-left:0.81rem\">Contactez-nous<\/a><\/div>\n<\/div>\n<\/div>\n<\/div>\n<\/div>\n<\/div>\n<\/div>\n<\/div><\/section>\n","protected":false},"excerpt":{"rendered":"<p>Nos services Transport R\u00e9gional Notre service de Transport R\u00e9gional assure des transferts rapides et fiables entre sites et entrep\u00f4ts. Gr\u00e2ce \u00e0 nos \u00e9quipes locales, nous planifions des itin\u00e9raires optimis\u00e9s pour r\u00e9duire les d\u00e9lais. Chaque trajet est con\u00e7u pour minimiser l\u02bcempreinte carbone, garantissant ainsi un service efficace et respectueux de l\u2019environnement. Transport National Avec notre service [&hellip;]<\/p>\n","protected":false},"author":1,"featured_media":0,"parent":0,"menu_order":0,"comment_status":"closed","ping_status":"closed","template":"","meta":{"footnotes":""},"class_list":["post-13","page","type-page","status-publish","hentry"],"yoast_head":"<!-- This site is optimized with the Yoast SEO plugin v23.7 - https:\/\/yoast.com\/wordpress\/plugins\/seo\/ -->\n<title>Services | - SEA Transports<\/title>\n<meta name=\"description\" content=\"Services - SEA Transports propose des services de transport fiables et personnalis\u00e9s pour le march\u00e9 national et international.\" \/>\n<meta name=\"robots\" content=\"index, follow, max-snippet:-1, max-image-preview:large, max-video-preview:-1\" \/>\n<link rel=\"canonical\" href=\"https:\/\/sea-transports.com\/index.php\/services\/\" \/>\n<meta property=\"og:locale\" content=\"fr_FR\" \/>\n<meta property=\"og:type\" content=\"article\" \/>\n<meta property=\"og:title\" content=\"Services | - SEA Transports\" \/>\n<meta property=\"og:description\" content=\"Services - SEA Transports propose des services de transport fiables et personnalis\u00e9s pour le march\u00e9 national et international.\" \/>\n<meta property=\"og:url\" content=\"https:\/\/sea-transports.com\/index.php\/services\/\" \/>\n<meta property=\"og:site_name\" content=\"SEA Transports\" \/>\n<meta property=\"article:modified_time\" content=\"2024-11-08T13:57:21+00:00\" \/>\n<meta property=\"og:image\" content=\"https:\/\/sea-transports.com\/wp-content\/uploads\/2024\/10\/nos-services-de-transport.jpg\" \/>\n<meta name=\"twitter:card\" content=\"summary_large_image\" \/>\n<meta name=\"twitter:label1\" content=\"Dur\u00e9e de lecture estim\u00e9e\" \/>\n\t<meta name=\"twitter:data1\" content=\"2 minutes\" \/>\n<script type=\"application\/ld+json\" class=\"yoast-schema-graph\">{\"@context\":\"https:\/\/schema.org\",\"@graph\":[{\"@type\":\"WebPage\",\"@id\":\"https:\/\/sea-transports.com\/index.php\/services\/\",\"url\":\"https:\/\/sea-transports.com\/index.php\/services\/\",\"name\":\"Services | - SEA Transports\",\"isPartOf\":{\"@id\":\"https:\/\/sea-transports.com\/#website\"},\"primaryImageOfPage\":{\"@id\":\"https:\/\/sea-transports.com\/index.php\/services\/#primaryimage\"},\"image\":{\"@id\":\"https:\/\/sea-transports.com\/index.php\/services\/#primaryimage\"},\"thumbnailUrl\":\"https:\/\/sea-transports.com\/wp-content\/uploads\/2024\/10\/nos-services-de-transport.jpg\",\"datePublished\":\"2024-10-25T07:07:48+00:00\",\"dateModified\":\"2024-11-08T13:57:21+00:00\",\"description\":\"Services - SEA Transports propose des services de transport fiables et personnalis\u00e9s pour le march\u00e9 national et international.\",\"breadcrumb\":{\"@id\":\"https:\/\/sea-transports.com\/index.php\/services\/#breadcrumb\"},\"inLanguage\":\"fr-FR\",\"potentialAction\":[{\"@type\":\"ReadAction\",\"target\":[\"https:\/\/sea-transports.com\/index.php\/services\/\"]}]},{\"@type\":\"ImageObject\",\"inLanguage\":\"fr-FR\",\"@id\":\"https:\/\/sea-transports.com\/index.php\/services\/#primaryimage\",\"url\":\"https:\/\/sea-transports.com\/wp-content\/uploads\/2024\/10\/nos-services-de-transport.jpg\",\"contentUrl\":\"https:\/\/sea-transports.com\/wp-content\/uploads\/2024\/10\/nos-services-de-transport.jpg\",\"width\":1920,\"height\":1280},{\"@type\":\"BreadcrumbList\",\"@id\":\"https:\/\/sea-transports.com\/index.php\/services\/#breadcrumb\",\"itemListElement\":[{\"@type\":\"ListItem\",\"position\":1,\"name\":\"Accueil\",\"item\":\"https:\/\/sea-transports.com\/\"},{\"@type\":\"ListItem\",\"position\":2,\"name\":\"Services\"}]},{\"@type\":\"WebSite\",\"@id\":\"https:\/\/sea-transports.com\/#website\",\"url\":\"https:\/\/sea-transports.com\/\",\"name\":\"SEA TRANSPORTS\",\"description\":\"Votre partenaire logistique de confiance.\",\"publisher\":{\"@id\":\"https:\/\/sea-transports.com\/#organization\"},\"potentialAction\":[{\"@type\":\"SearchAction\",\"target\":{\"@type\":\"EntryPoint\",\"urlTemplate\":\"https:\/\/sea-transports.com\/?s={search_term_string}\"},\"query-input\":{\"@type\":\"PropertyValueSpecification\",\"valueRequired\":true,\"valueName\":\"search_term_string\"}}],\"inLanguage\":\"fr-FR\"},{\"@type\":\"Organization\",\"@id\":\"https:\/\/sea-transports.com\/#organization\",\"name\":\"SEA Transports - Solutions Logistiques\",\"url\":\"https:\/\/sea-transports.com\/\",\"logo\":{\"@type\":\"ImageObject\",\"inLanguage\":\"fr-FR\",\"@id\":\"https:\/\/sea-transports.com\/#\/schema\/logo\/image\/\",\"url\":\"https:\/\/sea-transports.com\/wp-content\/uploads\/2024\/10\/sea-transports-logo-q.png\",\"contentUrl\":\"https:\/\/sea-transports.com\/wp-content\/uploads\/2024\/10\/sea-transports-logo-q.png\",\"width\":1080,\"height\":1080,\"caption\":\"SEA Transports - Solutions Logistiques\"},\"image\":{\"@id\":\"https:\/\/sea-transports.com\/#\/schema\/logo\/image\/\"}}]}<\/script>\n<!-- \/ Yoast SEO plugin. -->","yoast_head_json":{"title":"Services | - SEA Transports","description":"Services - SEA Transports propose des services de transport fiables et personnalis\u00e9s pour le march\u00e9 national et international.","robots":{"index":"index","follow":"follow","max-snippet":"max-snippet:-1","max-image-preview":"max-image-preview:large","max-video-preview":"max-video-preview:-1"},"canonical":"https:\/\/sea-transports.com\/index.php\/services\/","og_locale":"fr_FR","og_type":"article","og_title":"Services | - SEA Transports","og_description":"Services - SEA Transports propose des services de transport fiables et personnalis\u00e9s pour le march\u00e9 national et international.","og_url":"https:\/\/sea-transports.com\/index.php\/services\/","og_site_name":"SEA Transports","article_modified_time":"2024-11-08T13:57:21+00:00","og_image":[{"url":"https:\/\/sea-transports.com\/wp-content\/uploads\/2024\/10\/nos-services-de-transport.jpg"}],"twitter_card":"summary_large_image","twitter_misc":{"Dur\u00e9e de lecture estim\u00e9e":"2 minutes"},"schema":{"@context":"https:\/\/schema.org","@graph":[{"@type":"WebPage","@id":"https:\/\/sea-transports.com\/index.php\/services\/","url":"https:\/\/sea-transports.com\/index.php\/services\/","name":"Services | - SEA Transports","isPartOf":{"@id":"https:\/\/sea-transports.com\/#website"},"primaryImageOfPage":{"@id":"https:\/\/sea-transports.com\/index.php\/services\/#primaryimage"},"image":{"@id":"https:\/\/sea-transports.com\/index.php\/services\/#primaryimage"},"thumbnailUrl":"https:\/\/sea-transports.com\/wp-content\/uploads\/2024\/10\/nos-services-de-transport.jpg","datePublished":"2024-10-25T07:07:48+00:00","dateModified":"2024-11-08T13:57:21+00:00","description":"Services - SEA Transports propose des services de transport fiables et personnalis\u00e9s pour le march\u00e9 national et international.","breadcrumb":{"@id":"https:\/\/sea-transports.com\/index.php\/services\/#breadcrumb"},"inLanguage":"fr-FR","potentialAction":[{"@type":"ReadAction","target":["https:\/\/sea-transports.com\/index.php\/services\/"]}]},{"@type":"ImageObject","inLanguage":"fr-FR","@id":"https:\/\/sea-transports.com\/index.php\/services\/#primaryimage","url":"https:\/\/sea-transports.com\/wp-content\/uploads\/2024\/10\/nos-services-de-transport.jpg","contentUrl":"https:\/\/sea-transports.com\/wp-content\/uploads\/2024\/10\/nos-services-de-transport.jpg","width":1920,"height":1280},{"@type":"BreadcrumbList","@id":"https:\/\/sea-transports.com\/index.php\/services\/#breadcrumb","itemListElement":[{"@type":"ListItem","position":1,"name":"Accueil","item":"https:\/\/sea-transports.com\/"},{"@type":"ListItem","position":2,"name":"Services"}]},{"@type":"WebSite","@id":"https:\/\/sea-transports.com\/#website","url":"https:\/\/sea-transports.com\/","name":"SEA TRANSPORTS","description":"Votre partenaire logistique de confiance.","publisher":{"@id":"https:\/\/sea-transports.com\/#organization"},"potentialAction":[{"@type":"SearchAction","target":{"@type":"EntryPoint","urlTemplate":"https:\/\/sea-transports.com\/?s={search_term_string}"},"query-input":{"@type":"PropertyValueSpecification","valueRequired":true,"valueName":"search_term_string"}}],"inLanguage":"fr-FR"},{"@type":"Organization","@id":"https:\/\/sea-transports.com\/#organization","name":"SEA Transports - Solutions Logistiques","url":"https:\/\/sea-transports.com\/","logo":{"@type":"ImageObject","inLanguage":"fr-FR","@id":"https:\/\/sea-transports.com\/#\/schema\/logo\/image\/","url":"https:\/\/sea-transports.com\/wp-content\/uploads\/2024\/10\/sea-transports-logo-q.png","contentUrl":"https:\/\/sea-transports.com\/wp-content\/uploads\/2024\/10\/sea-transports-logo-q.png","width":1080,"height":1080,"caption":"SEA Transports - Solutions Logistiques"},"image":{"@id":"https:\/\/sea-transports.com\/#\/schema\/logo\/image\/"}}]}},"_links":{"self":[{"href":"https:\/\/sea-transports.com\/index.php\/wp-json\/wp\/v2\/pages\/13","targetHints":{"allow":["GET"]}}],"collection":[{"href":"https:\/\/sea-transports.com\/index.php\/wp-json\/wp\/v2\/pages"}],"about":[{"href":"https:\/\/sea-transports.com\/index.php\/wp-json\/wp\/v2\/types\/page"}],"author":[{"embeddable":true,"href":"https:\/\/sea-transports.com\/index.php\/wp-json\/wp\/v2\/users\/1"}],"replies":[{"embeddable":true,"href":"https:\/\/sea-transports.com\/index.php\/wp-json\/wp\/v2\/comments?post=13"}],"version-history":[{"count":32,"href":"https:\/\/sea-transports.com\/index.php\/wp-json\/wp\/v2\/pages\/13\/revisions"}],"predecessor-version":[{"id":259,"href":"https:\/\/sea-transports.com\/index.php\/wp-json\/wp\/v2\/pages\/13\/revisions\/259"}],"wp:attachment":[{"href":"https:\/\/sea-transports.com\/index.php\/wp-json\/wp\/v2\/media?parent=13"}],"curies":[{"name":"wp","href":"https:\/\/api.w.org\/{rel}","templated":true}]}}