{"id":8,"date":"2024-10-25T09:06:37","date_gmt":"2024-10-25T07:06:37","guid":{"rendered":"https:\/\/sea-transports.com\/?page_id=8"},"modified":"2024-11-08T15:00:48","modified_gmt":"2024-11-08T14:00:48","slug":"accueil","status":"publish","type":"page","link":"https:\/\/sea-transports.com\/","title":{"rendered":"Accueil"},"content":{"rendered":"\n<div class=\"wp-block-cover alignfull\" style=\"padding-top:17%;padding-bottom:3rem\"><span aria-hidden=\"true\" class=\"wp-block-cover__background has-background-dim-0 has-background-dim\" style=\"background-color:#7a7270\"><\/span><img fetchpriority=\"high\" decoding=\"async\" width=\"6720\" height=\"3615\" class=\"wp-block-cover__image-background wp-image-74\" alt=\"\" src=\"https:\/\/sea-transports.com\/wp-content\/uploads\/2024\/10\/camion-sea-transports.png\" style=\"object-position:33% 63%\" data-object-fit=\"cover\" data-object-position=\"33% 63%\" srcset=\"https:\/\/sea-transports.com\/wp-content\/uploads\/2024\/10\/camion-sea-transports.png 6720w, https:\/\/sea-transports.com\/wp-content\/uploads\/2024\/10\/camion-sea-transports-300x161.png 300w, https:\/\/sea-transports.com\/wp-content\/uploads\/2024\/10\/camion-sea-transports-1024x551.png 1024w, https:\/\/sea-transports.com\/wp-content\/uploads\/2024\/10\/camion-sea-transports-768x413.png 768w, https:\/\/sea-transports.com\/wp-content\/uploads\/2024\/10\/camion-sea-transports-1536x826.png 1536w, https:\/\/sea-transports.com\/wp-content\/uploads\/2024\/10\/camion-sea-transports-2048x1102.png 2048w\" sizes=\"(max-width: 6720px) 100vw, 6720px\" \/><div class=\"wp-block-cover__inner-container has-global-padding is-layout-constrained wp-container-core-cover-is-layout-29287ccd wp-block-cover-is-layout-constrained\">\n<h2 class=\"wp-block-heading has-text-align-left has-text-color\" style=\"color:#0fc3ff;margin-bottom:1.01rem;font-size:clamp(2.422rem, 2.422rem + ((1vw - 0.2rem) * 3.796), 4.51rem);font-style:normal;font-weight:500;line-height:1.2\">SEA Transports<\/h2>\n\n\n\n<h2 class=\"wp-block-heading has-text-align-left has-text-color\" style=\"color:#0045ad;margin-bottom:0;font-size:clamp(2.331rem, 2.331rem + ((1vw - 0.2rem) * 3.58), 4.3rem);font-style:normal;font-weight:500;line-height:1.2\">Stay Efficient Always<\/h2>\n\n\n\n<div class=\"wp-block-group is-vertical is-content-justification-left is-layout-flex wp-container-core-group-is-layout-994fc1a2 wp-block-group-is-layout-flex\" style=\"min-height:520px\">\n<div class=\"wp-block-group has-global-padding is-layout-constrained wp-container-core-group-is-layout-92ef7b19 wp-block-group-is-layout-constrained\">\n<div class=\"wp-block-group is-vertical is-content-justification-stretch is-layout-flex wp-container-core-group-is-layout-53ad70e0 wp-block-group-is-layout-flex\" style=\"margin-top:1.61rem;padding-right:0px;padding-left:0px\">\n<div class=\"wp-block-group has-global-padding is-content-justification-left is-layout-constrained wp-container-core-group-is-layout-a938e025 wp-block-group-is-layout-constrained\" style=\"margin-top:0px\">\n<div class=\"wp-block-buttons is-horizontal is-content-justification-right is-layout-flex wp-container-core-buttons-is-layout-eab4a907 wp-block-buttons-is-layout-flex\" style=\"margin-top:0.51rem\">\n<div class=\"wp-block-button has-custom-width wp-block-button__width-100 has-custom-font-size is-style-fill\" style=\"font-size:0.8rem;font-style:normal;font-weight:600;line-height:1.5;text-transform:capitalize\"><a class=\"wp-block-button__link has-text-color has-background wp-element-button\" href=\"https:\/\/sea-transports.com\/index.php\/contact\/\" style=\"border-style:none;border-width:0px;border-radius:0rem;color:#fffffd;background-color:#0045ad;padding-top:0.7rem;padding-right:0.6rem;padding-bottom:0.7rem;padding-left:0.6rem\">CONTACTEZ-NOUS<\/a><\/div>\n<\/div>\n<\/div>\n<\/div>\n<\/div>\n<\/div>\n<\/div><\/div>\n\n\n\n<section class=\"wp-block-group alignfull has-background has-global-padding is-layout-constrained wp-container-core-group-is-layout-05455e64 wp-block-group-is-layout-constrained\" style=\"background-color:#ffffff;margin-top:0px;padding-top:6rem;padding-right:1rem;padding-bottom:4.5rem;padding-left:1rem;font-size:clamp(0.875rem, 0.875rem + ((1vw - 0.2rem) * 0.464), 1.13rem);font-style:normal;font-weight:400;line-height:1.4\">\n<div class=\"wp-block-columns is-layout-flex wp-container-core-columns-is-layout-2e7296b4 wp-block-columns-is-layout-flex\" style=\"margin-bottom:0px\">\n<div class=\"wp-block-column is-vertically-aligned-center is-layout-flow wp-block-column-is-layout-flow\" style=\"padding-right:1rem;padding-left:1rem;flex-basis:35%\">\n<figure class=\"wp-block-image aligncenter size-full is-resized has-custom-border\"><img decoding=\"async\" width=\"860\" height=\"1027\" src=\"https:\/\/sea-transports.com\/wp-content\/uploads\/2024\/10\/Design-sans-titre-3.png\" alt=\"\" class=\"wp-image-47\" style=\"border-radius:51px;width:352px;height:auto\" srcset=\"https:\/\/sea-transports.com\/wp-content\/uploads\/2024\/10\/Design-sans-titre-3.png 860w, https:\/\/sea-transports.com\/wp-content\/uploads\/2024\/10\/Design-sans-titre-3-251x300.png 251w, https:\/\/sea-transports.com\/wp-content\/uploads\/2024\/10\/Design-sans-titre-3-857x1024.png 857w, https:\/\/sea-transports.com\/wp-content\/uploads\/2024\/10\/Design-sans-titre-3-768x917.png 768w\" sizes=\"(max-width: 860px) 100vw, 860px\" \/><\/figure>\n<\/div>\n\n\n\n<div class=\"wp-block-column has-global-padding is-layout-constrained wp-container-core-column-is-layout-b4ec969c wp-block-column-is-layout-constrained\" style=\"padding-top:2.01rem\">\n<h3 class=\"wp-block-heading has-text-align-center has-text-color\" style=\"color:#0045ad;margin-top:0.5rem;margin-bottom:0rem;font-size:clamp(1.556rem, 1.556rem + ((1vw - 0.2rem) * 1.916), 2.61rem);font-style:normal;font-weight:500;letter-spacing:0px;line-height:1.3\">Notre Histoire <\/h3>\n\n\n\n<div class=\"wp-block-group has-global-padding is-layout-constrained wp-container-core-group-is-layout-dca71664 wp-block-group-is-layout-constrained\" style=\"min-height:100%\">\n<p class=\"has-text-align-center has-text-color\" style=\"color:#010101;margin-top:0rem;font-size:clamp(0.875rem, 0.875rem + ((1vw - 0.2rem) * 0.245), 1.01rem);font-style:normal;font-weight:400;line-height:1.5\">Depuis sa cr\u00e9ation en 2020, SEA Transports a su se distinguer par son engagement envers la qualit\u00e9 et l&rsquo;innovation logistique. Fond\u00e9e pour offrir des solutions de transport fiables et respectueuses de l&rsquo;environnement, SEA Transports a rapidement d\u00e9velopp\u00e9 un r\u00e9seau solide \u00e0 l\u2019\u00e9chelle r\u00e9gionale, nationale et internationale. Gr\u00e2ce \u00e0 une \u00e9quipe d\u00e9vou\u00e9e et \u00e0 une flotte moderne, nous continuons d\u2019\u00e9voluer pour r\u00e9pondre aux d\u00e9fis logistiques de nos clients et assurer un service de haut niveau dans chaque livraison.<\/p>\n\n\n\n<div class=\"wp-block-group is-vertical is-content-justification-stretch is-layout-flex wp-container-core-group-is-layout-53ad70e0 wp-block-group-is-layout-flex\" style=\"margin-top:1.61rem;padding-right:0px;padding-left:0px\">\n<div class=\"wp-block-group has-global-padding is-content-justification-center is-layout-constrained wp-container-core-group-is-layout-2f0bcb29 wp-block-group-is-layout-constrained\" style=\"margin-top:0px\">\n<div class=\"wp-block-buttons is-horizontal is-content-justification-right is-layout-flex wp-container-core-buttons-is-layout-099266fd wp-block-buttons-is-layout-flex\" style=\"margin-top:0.51rem\">\n<div class=\"wp-block-button has-custom-width wp-block-button__width-100 has-custom-font-size is-style-fill\" style=\"font-size:clamp(0.875rem, 0.875rem + ((1vw - 0.2rem) * 0.245), 1.01rem);font-style:normal;font-weight:600;line-height:1.5;text-transform:uppercase\"><a class=\"wp-block-button__link has-text-color has-background wp-element-button\" href=\"https:\/\/sea-transports.com\/index.php\/a-propos\/\" style=\"border-style:none;border-width:0px;border-radius:0rem;color:#fffffd;background-color:#0045ad;padding-top:0.71rem;padding-right:0.31rem;padding-bottom:0.71rem;padding-left:0.31rem\">En Savoir Plus !<\/a><\/div>\n<\/div>\n<\/div>\n<\/div>\n<\/div>\n<\/div>\n<\/div>\n<\/section>\n\n\n\n<div class=\"wp-block-cover alignfull is-light has-custom-color-2-color has-text-color\" style=\"margin-top:0px;margin-bottom:0px;padding-top:100px;padding-right:20px;padding-bottom:100px;padding-left:20px\"><span aria-hidden=\"true\" class=\"wp-block-cover__background has-custom-color-1-background-color has-background-dim-0 has-background-dim\"><\/span><div class=\"wp-block-cover__inner-container has-global-padding is-layout-constrained wp-container-core-cover-is-layout-47630ab8 wp-block-cover-is-layout-constrained\">\n<h2 class=\"wp-block-heading has-text-align-center has-text-color\" style=\"color:#0045ad;margin-top:0px;margin-right:0px;margin-bottom:16px;margin-left:0px;font-size:clamp(24.034px, 1.502rem + ((1vw - 3.2px) * 1.814), 40px);font-style:normal;font-weight:400;line-height:1.2\">Nos Services<\/h2>\n\n\n\n<hr class=\"wp-block-separator has-text-color has-alpha-channel-opacity has-background\" style=\"margin-top:0px;margin-bottom:50px;background-color:#0045ad;color:#0045ad\"\/>\n\n\n\n<div class=\"wp-block-columns is-layout-flex wp-container-core-columns-is-layout-13e94aa7 wp-block-columns-is-layout-flex\">\n<div class=\"wp-block-column is-layout-flow wp-container-core-column-is-layout-fe0e2ea3 wp-block-column-is-layout-flow\">\n<figure class=\"wp-block-image size-full is-resized has-custom-border\"><a href=\"https:\/\/sea-transports.com\/index.php\/services\/\"><img decoding=\"async\" width=\"1920\" height=\"1080\" src=\"https:\/\/sea-transports.com\/wp-content\/uploads\/2024\/10\/Transport-Regional-1.jpg\" alt=\"\" class=\"wp-image-109\" style=\"border-radius:32px;aspect-ratio:1.3333333333333333;object-fit:cover;width:381px;height:auto\" srcset=\"https:\/\/sea-transports.com\/wp-content\/uploads\/2024\/10\/Transport-Regional-1.jpg 1920w, https:\/\/sea-transports.com\/wp-content\/uploads\/2024\/10\/Transport-Regional-1-300x169.jpg 300w, https:\/\/sea-transports.com\/wp-content\/uploads\/2024\/10\/Transport-Regional-1-1024x576.jpg 1024w, https:\/\/sea-transports.com\/wp-content\/uploads\/2024\/10\/Transport-Regional-1-768x432.jpg 768w, https:\/\/sea-transports.com\/wp-content\/uploads\/2024\/10\/Transport-Regional-1-1536x864.jpg 1536w\" sizes=\"(max-width: 1920px) 100vw, 1920px\" \/><\/a><\/figure>\n\n\n\n<h4 class=\"wp-block-heading has-text-align-center has-text-color\" style=\"color:#0045ad;margin-top:1.75rem;font-size:clamp(18.959px, 1.185rem + ((1vw - 3.2px) * 1.255), 30px);font-style:normal;font-weight:400\">Transport R\u00e9gional<\/h4>\n<\/div>\n\n\n\n<div class=\"wp-block-column is-layout-flow wp-container-core-column-is-layout-fe0e2ea3 wp-block-column-is-layout-flow\">\n<figure class=\"wp-block-image size-full has-custom-border\"><a href=\"https:\/\/sea-transports.com\/index.php\/services\/\"><img loading=\"lazy\" decoding=\"async\" width=\"1920\" height=\"2560\" src=\"https:\/\/sea-transports.com\/wp-content\/uploads\/2024\/10\/Transport-National-1.jpg\" alt=\"\" class=\"wp-image-110\" style=\"border-radius:32px;aspect-ratio:4\/3;object-fit:cover\" srcset=\"https:\/\/sea-transports.com\/wp-content\/uploads\/2024\/10\/Transport-National-1.jpg 1920w, https:\/\/sea-transports.com\/wp-content\/uploads\/2024\/10\/Transport-National-1-225x300.jpg 225w, https:\/\/sea-transports.com\/wp-content\/uploads\/2024\/10\/Transport-National-1-768x1024.jpg 768w, https:\/\/sea-transports.com\/wp-content\/uploads\/2024\/10\/Transport-National-1-1152x1536.jpg 1152w, https:\/\/sea-transports.com\/wp-content\/uploads\/2024\/10\/Transport-National-1-1536x2048.jpg 1536w\" sizes=\"(max-width: 1920px) 100vw, 1920px\" \/><\/a><\/figure>\n\n\n\n<h4 class=\"wp-block-heading has-text-align-center has-text-color\" style=\"color:#0045ad;margin-top:1.75rem;font-size:clamp(18.959px, 1.185rem + ((1vw - 3.2px) * 1.255), 30px);font-style:normal;font-weight:400\">Transport National<\/h4>\n<\/div>\n\n\n\n<div class=\"wp-block-column is-layout-flow wp-container-core-column-is-layout-da1d6529 wp-block-column-is-layout-flow\">\n<figure class=\"wp-block-image size-full has-custom-border\"><a href=\"https:\/\/sea-transports.com\/index.php\/services\/\"><img loading=\"lazy\" decoding=\"async\" width=\"1280\" height=\"1707\" src=\"https:\/\/sea-transports.com\/wp-content\/uploads\/2024\/10\/TRANSPORT-INTERNATIONAL-1.jpg\" alt=\"\" class=\"wp-image-111\" style=\"border-radius:32px;aspect-ratio:4\/3;object-fit:cover\" srcset=\"https:\/\/sea-transports.com\/wp-content\/uploads\/2024\/10\/TRANSPORT-INTERNATIONAL-1.jpg 1280w, https:\/\/sea-transports.com\/wp-content\/uploads\/2024\/10\/TRANSPORT-INTERNATIONAL-1-225x300.jpg 225w, https:\/\/sea-transports.com\/wp-content\/uploads\/2024\/10\/TRANSPORT-INTERNATIONAL-1-768x1024.jpg 768w, https:\/\/sea-transports.com\/wp-content\/uploads\/2024\/10\/TRANSPORT-INTERNATIONAL-1-1152x1536.jpg 1152w\" sizes=\"(max-width: 1280px) 100vw, 1280px\" \/><\/a><\/figure>\n\n\n\n<h4 class=\"wp-block-heading has-text-align-center has-text-color\" style=\"color:#0045ad;margin-top:1.75rem;font-size:clamp(18.959px, 1.185rem + ((1vw - 3.2px) * 1.255), 30px);font-style:normal;font-weight:400\">Transport International<\/h4>\n<\/div>\n<\/div>\n<\/div><\/div>\n\n\n\n<section class=\"wp-block-cover alignfull\" style=\"margin-top:0px;padding-top:1.01rem;padding-bottom:1.01rem;min-height:430px;aspect-ratio:unset;\"><span aria-hidden=\"true\" class=\"wp-block-cover__background has-background-dim-0 has-background-dim\" style=\"background-color:#edf1f2\"><\/span><img loading=\"lazy\" decoding=\"async\" width=\"1280\" height=\"853\" class=\"wp-block-cover__image-background wp-image-59\" alt=\"\" src=\"https:\/\/sea-transports.com\/wp-content\/uploads\/2024\/10\/port-6131793_1280.jpg\" data-object-fit=\"cover\" srcset=\"https:\/\/sea-transports.com\/wp-content\/uploads\/2024\/10\/port-6131793_1280.jpg 1280w, https:\/\/sea-transports.com\/wp-content\/uploads\/2024\/10\/port-6131793_1280-300x200.jpg 300w, https:\/\/sea-transports.com\/wp-content\/uploads\/2024\/10\/port-6131793_1280-1024x682.jpg 1024w, https:\/\/sea-transports.com\/wp-content\/uploads\/2024\/10\/port-6131793_1280-768x512.jpg 768w\" sizes=\"(max-width: 1280px) 100vw, 1280px\" \/><div class=\"wp-block-cover__inner-container has-global-padding is-layout-constrained wp-container-core-cover-is-layout-b1bebcb3 wp-block-cover-is-layout-constrained\">\n<div class=\"wp-block-group has-text-color is-layout-flow wp-block-group-is-layout-flow\" style=\"color:#fffffd;margin-top:0px;padding-top:0rem;padding-right:1rem;padding-bottom:0rem;padding-left:1rem;font-size:clamp(0.875rem, 0.875rem + ((1vw - 0.2rem) * 0.464), 1.13rem);font-style:normal;font-weight:400;line-height:1.4\">\n<div class=\"wp-block-group has-global-padding is-layout-constrained wp-container-core-group-is-layout-bdbfdc43 wp-block-group-is-layout-constrained\">\n<h2 class=\"wp-block-heading has-text-align-center has-text-color has-background\" style=\"color:#ffffff;background-color:#00000047;margin-bottom:0rem;font-size:clamp(1.507rem, 1.507rem + ((1vw - 0.2rem) * 1.824), 2.51rem);font-style:normal;font-weight:400;line-height:1.2\">Notre engagement pour un transport durable fait toute la diff\u00e9rence dans chaque livraison.<\/h2>\n<\/div>\n\n\n\n<div class=\"wp-block-group is-vertical is-content-justification-stretch is-layout-flex wp-container-core-group-is-layout-bfdebe91 wp-block-group-is-layout-flex\" style=\"margin-top:1.81rem;padding-right:0px;padding-left:0px\">\n<div class=\"wp-block-group has-global-padding is-content-justification-center is-layout-constrained wp-container-core-group-is-layout-2f0bcb29 wp-block-group-is-layout-constrained\" style=\"margin-top:0px\">\n<div class=\"wp-block-buttons is-horizontal is-content-justification-right is-layout-flex wp-container-core-buttons-is-layout-099266fd wp-block-buttons-is-layout-flex\" style=\"margin-top:0.51rem\">\n<div class=\"wp-block-button has-custom-width wp-block-button__width-100 has-custom-font-size is-style-fill\" style=\"font-size:clamp(0.875rem, 0.875rem + ((1vw - 0.2rem) * 0.245), 1.01rem);font-style:normal;font-weight:600;line-height:1.5;text-transform:uppercase\"><a class=\"wp-block-button__link has-text-color has-background wp-element-button\" href=\"https:\/\/sea-transports.com\/index.php\/contact\/\" style=\"border-style:none;border-width:0px;border-radius:0rem;color:#fffffd;background-color:#0045ad;padding-top:0.71rem;padding-right:0.31rem;padding-bottom:0.71rem;padding-left:0.31rem\">Rejoignez-Nous!<\/a><\/div>\n<\/div>\n<\/div>\n<\/div>\n<\/div>\n<\/div><\/section>\n\n\n\n<p class=\"has-text-align-center\"><\/p>\n\n\n\n<p class=\"has-text-align-center\"><\/p>\n\n\n\n<p><\/p>\n","protected":false},"excerpt":{"rendered":"<p>Notre Histoire Depuis sa cr\u00e9ation en 2020, SEA Transports a su se distinguer par son engagement envers la qualit\u00e9 et l&rsquo;innovation logistique. Fond\u00e9e pour offrir des solutions de transport fiables et respectueuses de l&rsquo;environnement, SEA Transports a rapidement d\u00e9velopp\u00e9 un r\u00e9seau solide \u00e0 l\u2019\u00e9chelle r\u00e9gionale, nationale et internationale. Gr\u00e2ce \u00e0 une \u00e9quipe d\u00e9vou\u00e9e et \u00e0 [&hellip;]<\/p>\n","protected":false},"author":1,"featured_media":0,"parent":0,"menu_order":0,"comment_status":"closed","ping_status":"closed","template":"","meta":{"footnotes":""},"class_list":["post-8","page","type-page","status-publish","hentry"],"yoast_head":"<!-- This site is optimized with the Yoast SEO plugin v23.7 - https:\/\/yoast.com\/wordpress\/plugins\/seo\/ -->\n<title>SEA Transports \u2013 Solutions de Transport et Logistique Fiables<\/title>\n<meta name=\"description\" content=\"SEA Transports propose des solutions de transport et de logistique Fiable , rapide , sur mesure pour vos marchandises en France et en Europe.\" \/>\n<meta name=\"robots\" content=\"index, follow, max-snippet:-1, max-image-preview:large, max-video-preview:-1\" \/>\n<link rel=\"canonical\" href=\"https:\/\/sea-transports.com\/\" \/>\n<meta property=\"og:locale\" content=\"fr_FR\" \/>\n<meta property=\"og:type\" content=\"article\" \/>\n<meta property=\"og:title\" content=\"SEA Transports \u2013 Solutions de Transport et Logistique Fiables\" \/>\n<meta property=\"og:description\" content=\"SEA Transports propose des solutions de transport et de logistique Fiable , rapide , sur mesure pour vos marchandises en France et en Europe.\" \/>\n<meta property=\"og:url\" content=\"https:\/\/sea-transports.com\/\" \/>\n<meta property=\"og:site_name\" content=\"SEA Transports\" \/>\n<meta property=\"article:modified_time\" content=\"2024-11-08T14:00:48+00:00\" \/>\n<meta property=\"og:image\" content=\"https:\/\/sea-transports.com\/wp-content\/uploads\/2024\/10\/camion-sea-transports.png\" \/>\n<meta name=\"twitter:card\" content=\"summary_large_image\" \/>\n<meta name=\"twitter:label1\" content=\"Dur\u00e9e de lecture estim\u00e9e\" \/>\n\t<meta name=\"twitter:data1\" content=\"2 minutes\" \/>\n<script type=\"application\/ld+json\" class=\"yoast-schema-graph\">{\"@context\":\"https:\/\/schema.org\",\"@graph\":[{\"@type\":\"WebPage\",\"@id\":\"https:\/\/sea-transports.com\/\",\"url\":\"https:\/\/sea-transports.com\/\",\"name\":\"SEA Transports \u2013 Solutions de Transport et Logistique Fiables\",\"isPartOf\":{\"@id\":\"https:\/\/sea-transports.com\/#website\"},\"primaryImageOfPage\":{\"@id\":\"https:\/\/sea-transports.com\/#primaryimage\"},\"image\":{\"@id\":\"https:\/\/sea-transports.com\/#primaryimage\"},\"thumbnailUrl\":\"https:\/\/sea-transports.com\/wp-content\/uploads\/2024\/10\/camion-sea-transports.png\",\"datePublished\":\"2024-10-25T07:06:37+00:00\",\"dateModified\":\"2024-11-08T14:00:48+00:00\",\"description\":\"SEA Transports propose des solutions de transport et de logistique Fiable , rapide , sur mesure pour vos marchandises en France et en Europe.\",\"breadcrumb\":{\"@id\":\"https:\/\/sea-transports.com\/#breadcrumb\"},\"inLanguage\":\"fr-FR\",\"potentialAction\":[{\"@type\":\"ReadAction\",\"target\":[\"https:\/\/sea-transports.com\/\"]}]},{\"@type\":\"ImageObject\",\"inLanguage\":\"fr-FR\",\"@id\":\"https:\/\/sea-transports.com\/#primaryimage\",\"url\":\"https:\/\/sea-transports.com\/wp-content\/uploads\/2024\/10\/camion-sea-transports.png\",\"contentUrl\":\"https:\/\/sea-transports.com\/wp-content\/uploads\/2024\/10\/camion-sea-transports.png\",\"width\":6720,\"height\":3615},{\"@type\":\"BreadcrumbList\",\"@id\":\"https:\/\/sea-transports.com\/#breadcrumb\",\"itemListElement\":[{\"@type\":\"ListItem\",\"position\":1,\"name\":\"Accueil\",\"item\":\"https:\/\/sea-transports.com\/\"},{\"@type\":\"ListItem\",\"position\":2,\"name\":\"Accueil\"}]},{\"@type\":\"WebSite\",\"@id\":\"https:\/\/sea-transports.com\/#website\",\"url\":\"https:\/\/sea-transports.com\/\",\"name\":\"SEA TRANSPORTS\",\"description\":\"Votre partenaire logistique de confiance.\",\"publisher\":{\"@id\":\"https:\/\/sea-transports.com\/#organization\"},\"potentialAction\":[{\"@type\":\"SearchAction\",\"target\":{\"@type\":\"EntryPoint\",\"urlTemplate\":\"https:\/\/sea-transports.com\/?s={search_term_string}\"},\"query-input\":{\"@type\":\"PropertyValueSpecification\",\"valueRequired\":true,\"valueName\":\"search_term_string\"}}],\"inLanguage\":\"fr-FR\"},{\"@type\":\"Organization\",\"@id\":\"https:\/\/sea-transports.com\/#organization\",\"name\":\"SEA Transports - Solutions Logistiques\",\"url\":\"https:\/\/sea-transports.com\/\",\"logo\":{\"@type\":\"ImageObject\",\"inLanguage\":\"fr-FR\",\"@id\":\"https:\/\/sea-transports.com\/#\/schema\/logo\/image\/\",\"url\":\"https:\/\/sea-transports.com\/wp-content\/uploads\/2024\/10\/sea-transports-logo-q.png\",\"contentUrl\":\"https:\/\/sea-transports.com\/wp-content\/uploads\/2024\/10\/sea-transports-logo-q.png\",\"width\":1080,\"height\":1080,\"caption\":\"SEA Transports - Solutions Logistiques\"},\"image\":{\"@id\":\"https:\/\/sea-transports.com\/#\/schema\/logo\/image\/\"}}]}<\/script>\n<!-- \/ Yoast SEO plugin. -->","yoast_head_json":{"title":"SEA Transports \u2013 Solutions de Transport et Logistique Fiables","description":"SEA Transports propose des solutions de transport et de logistique Fiable , rapide , sur mesure pour vos marchandises en France et en Europe.","robots":{"index":"index","follow":"follow","max-snippet":"max-snippet:-1","max-image-preview":"max-image-preview:large","max-video-preview":"max-video-preview:-1"},"canonical":"https:\/\/sea-transports.com\/","og_locale":"fr_FR","og_type":"article","og_title":"SEA Transports \u2013 Solutions de Transport et Logistique Fiables","og_description":"SEA Transports propose des solutions de transport et de logistique Fiable , rapide , sur mesure pour vos marchandises en France et en Europe.","og_url":"https:\/\/sea-transports.com\/","og_site_name":"SEA Transports","article_modified_time":"2024-11-08T14:00:48+00:00","og_image":[{"url":"https:\/\/sea-transports.com\/wp-content\/uploads\/2024\/10\/camion-sea-transports.png"}],"twitter_card":"summary_large_image","twitter_misc":{"Dur\u00e9e de lecture estim\u00e9e":"2 minutes"},"schema":{"@context":"https:\/\/schema.org","@graph":[{"@type":"WebPage","@id":"https:\/\/sea-transports.com\/","url":"https:\/\/sea-transports.com\/","name":"SEA Transports \u2013 Solutions de Transport et Logistique Fiables","isPartOf":{"@id":"https:\/\/sea-transports.com\/#website"},"primaryImageOfPage":{"@id":"https:\/\/sea-transports.com\/#primaryimage"},"image":{"@id":"https:\/\/sea-transports.com\/#primaryimage"},"thumbnailUrl":"https:\/\/sea-transports.com\/wp-content\/uploads\/2024\/10\/camion-sea-transports.png","datePublished":"2024-10-25T07:06:37+00:00","dateModified":"2024-11-08T14:00:48+00:00","description":"SEA Transports propose des solutions de transport et de logistique Fiable , rapide , sur mesure pour vos marchandises en France et en Europe.","breadcrumb":{"@id":"https:\/\/sea-transports.com\/#breadcrumb"},"inLanguage":"fr-FR","potentialAction":[{"@type":"ReadAction","target":["https:\/\/sea-transports.com\/"]}]},{"@type":"ImageObject","inLanguage":"fr-FR","@id":"https:\/\/sea-transports.com\/#primaryimage","url":"https:\/\/sea-transports.com\/wp-content\/uploads\/2024\/10\/camion-sea-transports.png","contentUrl":"https:\/\/sea-transports.com\/wp-content\/uploads\/2024\/10\/camion-sea-transports.png","width":6720,"height":3615},{"@type":"BreadcrumbList","@id":"https:\/\/sea-transports.com\/#breadcrumb","itemListElement":[{"@type":"ListItem","position":1,"name":"Accueil","item":"https:\/\/sea-transports.com\/"},{"@type":"ListItem","position":2,"name":"Accueil"}]},{"@type":"WebSite","@id":"https:\/\/sea-transports.com\/#website","url":"https:\/\/sea-transports.com\/","name":"SEA TRANSPORTS","description":"Votre partenaire logistique de confiance.","publisher":{"@id":"https:\/\/sea-transports.com\/#organization"},"potentialAction":[{"@type":"SearchAction","target":{"@type":"EntryPoint","urlTemplate":"https:\/\/sea-transports.com\/?s={search_term_string}"},"query-input":{"@type":"PropertyValueSpecification","valueRequired":true,"valueName":"search_term_string"}}],"inLanguage":"fr-FR"},{"@type":"Organization","@id":"https:\/\/sea-transports.com\/#organization","name":"SEA Transports - Solutions Logistiques","url":"https:\/\/sea-transports.com\/","logo":{"@type":"ImageObject","inLanguage":"fr-FR","@id":"https:\/\/sea-transports.com\/#\/schema\/logo\/image\/","url":"https:\/\/sea-transports.com\/wp-content\/uploads\/2024\/10\/sea-transports-logo-q.png","contentUrl":"https:\/\/sea-transports.com\/wp-content\/uploads\/2024\/10\/sea-transports-logo-q.png","width":1080,"height":1080,"caption":"SEA Transports - Solutions Logistiques"},"image":{"@id":"https:\/\/sea-transports.com\/#\/schema\/logo\/image\/"}}]}},"_links":{"self":[{"href":"https:\/\/sea-transports.com\/index.php\/wp-json\/wp\/v2\/pages\/8","targetHints":{"allow":["GET"]}}],"collection":[{"href":"https:\/\/sea-transports.com\/index.php\/wp-json\/wp\/v2\/pages"}],"about":[{"href":"https:\/\/sea-transports.com\/index.php\/wp-json\/wp\/v2\/types\/page"}],"author":[{"embeddable":true,"href":"https:\/\/sea-transports.com\/index.php\/wp-json\/wp\/v2\/users\/1"}],"replies":[{"embeddable":true,"href":"https:\/\/sea-transports.com\/index.php\/wp-json\/wp\/v2\/comments?post=8"}],"version-history":[{"count":27,"href":"https:\/\/sea-transports.com\/index.php\/wp-json\/wp\/v2\/pages\/8\/revisions"}],"predecessor-version":[{"id":262,"href":"https:\/\/sea-transports.com\/index.php\/wp-json\/wp\/v2\/pages\/8\/revisions\/262"}],"wp:attachment":[{"href":"https:\/\/sea-transports.com\/index.php\/wp-json\/wp\/v2\/media?parent=8"}],"curies":[{"name":"wp","href":"https:\/\/api.w.org\/{rel}","templated":true}]}}